{"id":138,"date":"2022-09-06T14:53:37","date_gmt":"2022-09-06T12:53:37","guid":{"rendered":"http:\/\/attria.fr\/?page_id=138"},"modified":"2023-03-03T10:11:14","modified_gmt":"2023-03-03T09:11:14","slug":"vente-produit-services","status":"publish","type":"page","link":"https:\/\/attria.fr\/index.php\/vente-produit-services\/","title":{"rendered":"vente-produit-services"},"content":{"rendered":"<div data-colibri-id=\"138-c1\" class=\"style-584 style-local-138-c1 position-relative\">\n  <!---->\n  <div data-colibri-component=\"section\" data-colibri-id=\"138-c2\" id=\"about\" class=\"h-section h-section-global-spacing d-flex align-items-lg-center align-items-md-center align-items-center style-966 style-local-138-c2 position-relative\">\n    <!---->\n    <!---->\n    <div class=\"h-section-grid-container h-section-boxed-container\">\n      <!---->\n      <div data-colibri-id=\"138-c3\" class=\"h-row-container gutters-row-lg-0 gutters-row-md-0 gutters-row-0 gutters-row-v-lg-0 gutters-row-v-md-0 gutters-row-v-0 style-967 style-local-138-c3 position-relative\">\n        <!---->\n        <div class=\"h-row justify-content-lg-end justify-content-md-end justify-content-end align-items-lg-stretch align-items-md-stretch align-items-stretch gutters-col-lg-0 gutters-col-md-0 gutters-col-0 gutters-col-v-lg-0 gutters-col-v-md-0 gutters-col-v-0\">\n          <!---->\n          <div class=\"h-column h-column-container d-flex h-col-lg-auto h-col-md-auto h-col-auto style-985-outer style-local-138-c4-outer\">\n            <div data-colibri-id=\"138-c4\" class=\"d-flex h-flex-basis h-column__inner h-px-lg-2 h-px-md-2 h-px-2 v-inner-lg-2 v-inner-md-2 v-inner-2 style-985 style-local-138-c4 position-relative\">\n              <!---->\n              <!---->\n              <div class=\"w-100 h-y-container h-column__content h-column__v-align flex-basis-100 align-self-lg-start align-self-md-start align-self-start\">\n                <!---->\n                <div data-colibri-id=\"138-c5\" class=\"d-block style-988 style-local-138-c5 position-relative h-element\">\n                  <!---->\n                  <div class=\"h-image__frame-container-outer\">\n                    <div class=\"h-image__frame-container\">\n                      <!---->\n                      <!---->\n                      <img decoding=\"async\" src=\"https:\/\/attria.fr\/wp-content\/uploads\/2023\/02\/cropped-30-scaled-1.jpg\" class=\"wp-image-3490 style-988-image style-local-138-c5-image\" alt=\"\" \/>\n                      <div class=\"h-image__frame h-hide-lg h-hide-md h-hide-sm style-988-frameImage style-local-138-c5-frameImage\"><\/div>\n                    <\/div>\n                  <\/div>\n                <\/div>\n                <div data-colibri-id=\"138-c6\" class=\"d-block style-986 style-local-138-c6 position-relative h-element\">\n                  <!---->\n                  <div class=\"h-image__frame-container-outer\">\n                    <div class=\"h-image__frame-container\">\n                      <!---->\n                      <!---->\n                      <img fetchpriority=\"high\" decoding=\"async\" width=\"2560\" height=\"1920\" src=\"https:\/\/attria.fr\/wp-content\/uploads\/2022\/10\/cropped-cropped-41-scaled-2.jpg\" class=\"wp-image-1702 style-986-image style-local-138-c6-image\" alt=\"\" srcset=\"https:\/\/attria.fr\/wp-content\/uploads\/2022\/10\/cropped-cropped-41-scaled-2.jpg 2560w, https:\/\/attria.fr\/wp-content\/uploads\/2022\/10\/cropped-cropped-41-scaled-2-300x225.jpg 300w, https:\/\/attria.fr\/wp-content\/uploads\/2022\/10\/cropped-cropped-41-scaled-2-1024x768.jpg 1024w, https:\/\/attria.fr\/wp-content\/uploads\/2022\/10\/cropped-cropped-41-scaled-2-768x576.jpg 768w, https:\/\/attria.fr\/wp-content\/uploads\/2022\/10\/cropped-cropped-41-scaled-2-1536x1152.jpg 1536w, https:\/\/attria.fr\/wp-content\/uploads\/2022\/10\/cropped-cropped-41-scaled-2-2048x1536.jpg 2048w\" sizes=\"(max-width: 2560px) 100vw, 2560px\" \/>\n                      <div class=\"h-image__frame h-hide-lg h-hide-md h-hide-sm style-986-frameImage style-local-138-c6-frameImage\"><\/div>\n                    <\/div>\n                  <\/div>\n                <\/div>\n                <div data-colibri-id=\"138-c7\" class=\"d-block style-987 style-local-138-c7 position-relative h-element\">\n                  <!---->\n                  <div class=\"h-image__frame-container-outer\">\n                    <div class=\"h-image__frame-container\">\n                      <!---->\n                      <!---->\n                      <img decoding=\"async\" width=\"1649\" height=\"1078\" src=\"https:\/\/attria.fr\/wp-content\/uploads\/2023\/03\/cropped-poteau-darret-agen.png\" class=\"wp-image-3573 style-987-image style-local-138-c7-image\" alt=\"\" srcset=\"https:\/\/attria.fr\/wp-content\/uploads\/2023\/03\/cropped-poteau-darret-agen.png 1649w, https:\/\/attria.fr\/wp-content\/uploads\/2023\/03\/cropped-poteau-darret-agen-300x196.png 300w, https:\/\/attria.fr\/wp-content\/uploads\/2023\/03\/cropped-poteau-darret-agen-1024x669.png 1024w, https:\/\/attria.fr\/wp-content\/uploads\/2023\/03\/cropped-poteau-darret-agen-768x502.png 768w, https:\/\/attria.fr\/wp-content\/uploads\/2023\/03\/cropped-poteau-darret-agen-1536x1004.png 1536w\" sizes=\"(max-width: 1649px) 100vw, 1649px\" \/>\n                      <div class=\"h-image__frame h-hide-lg h-hide-md h-hide-sm style-987-frameImage style-local-138-c7-frameImage\"><\/div>\n                    <\/div>\n                  <\/div>\n                <\/div>\n                <div data-colibri-id=\"138-c36\" class=\"d-block style-1122 style-local-138-c36 position-relative h-element\">\n                  <!---->\n                  <div class=\"h-image__frame-container-outer\">\n                    <div class=\"h-image__frame-container\">\n                      <!---->\n                      <!---->\n                      <img decoding=\"async\" width=\"2206\" height=\"1754\" src=\"https:\/\/attria.fr\/wp-content\/uploads\/2023\/02\/cropped-cropped-30v2-1-scaled-3.jpg\" class=\"wp-image-3607 style-1122-image style-local-138-c36-image\" alt=\"\" srcset=\"https:\/\/attria.fr\/wp-content\/uploads\/2023\/02\/cropped-cropped-30v2-1-scaled-3.jpg 2206w, https:\/\/attria.fr\/wp-content\/uploads\/2023\/02\/cropped-cropped-30v2-1-scaled-3-300x239.jpg 300w, https:\/\/attria.fr\/wp-content\/uploads\/2023\/02\/cropped-cropped-30v2-1-scaled-3-1024x814.jpg 1024w, https:\/\/attria.fr\/wp-content\/uploads\/2023\/02\/cropped-cropped-30v2-1-scaled-3-768x611.jpg 768w, https:\/\/attria.fr\/wp-content\/uploads\/2023\/02\/cropped-cropped-30v2-1-scaled-3-1536x1221.jpg 1536w, https:\/\/attria.fr\/wp-content\/uploads\/2023\/02\/cropped-cropped-30v2-1-scaled-3-2048x1628.jpg 2048w\" sizes=\"(max-width: 2206px) 100vw, 2206px\" \/>\n                      <div class=\"h-image__frame h-hide-lg h-hide-md h-hide-sm style-1122-frameImage style-local-138-c36-frameImage\"><\/div>\n                    <\/div>\n                  <\/div>\n                <\/div>\n              <\/div>\n            <\/div>\n          <\/div>\n          <div class=\"h-column h-column-container d-flex h-col-lg-auto h-col-md-auto h-col-auto style-969-outer style-local-138-c8-outer\">\n            <div data-colibri-id=\"138-c8\" class=\"d-flex h-flex-basis h-column__inner h-px-lg-2 h-px-md-2 h-px-2 v-inner-lg-2 v-inner-md-2 v-inner-2 style-969 style-local-138-c8 position-relative\">\n              <!---->\n              <!---->\n              <div class=\"w-100 h-y-container h-column__content h-column__v-align flex-basis-100 align-self-lg-start align-self-md-start align-self-start\">\n                <!---->\n                <div data-colibri-id=\"138-c9\" class=\"h-global-transition-all h-heading style-970 style-local-138-c9 position-relative h-element\">\n                  <!---->\n                  <div class=\"h-heading__outer style-970 style-local-138-c9\">\n                    <!---->\n                    <!---->\n                    <h5 class=\"\">LOCATION, VENTE DE MOBILIERS URBAINS ET SERVICES D\u00c9DI\u00c9S \u00c0 LA VILLE<\/h5>\n                  <\/div>\n                <\/div>\n                <div data-colibri-id=\"138-c10\" class=\"h-divider style-974 style-local-138-c10 position-relative h-element\">\n                  <!----><span class=\"h-divider__line style-974-line style-local-138-c10-line style-974-line style-local-138-c10-line\"><\/span><\/div>\n                <div data-colibri-id=\"138-c11\" class=\"h-global-transition-all h-heading style-971 style-local-138-c11 position-relative h-element\">\n                  <!---->\n                  <div class=\"h-heading__outer style-971 style-local-138-c11\">\n                    <!---->\n                    <!---->\n                    <h2 class=\"\">Un large choix dans&nbsp;<em style=\"font-family: &quot;Playfair Display&quot;;\">la gamme <br>de mobiliers<\/em> compl\u00e9mentaires aux \u00e9quipements publicitaires.<\/h2>\n                  <\/div>\n                <\/div>\n                <div data-colibri-id=\"138-c12\" class=\"style-1110 style-local-138-c12 position-relative h-element\">\n                  <!---->\n                <\/div>\n                <div data-colibri-id=\"138-c13\" class=\"h-text h-text-component style-972 style-local-138-c13 position-relative h-element\">\n                  <!---->\n                  <!---->\n                  <div class=\"\">\n                    <p>Depuis sa cr\u00e9ation, ATTRIA Mobilier Urbain a d\u00e9velopp\u00e9 une activit\u00e9 compl\u00e9mentaire en cr\u00e9ant son d\u00e9partement Vente Produits &amp; Services d\u00e9di\u00e9s aux Collectivit\u00e9s.<\/p>\n                    <p><span style=\"color: rgb(153, 153, 153); font-family: &quot;Open Sans&quot;; font-size: 16px; font-weight: 400;\">Nous respectons l&rsquo;environnement dans la fabrication de nos mobiliers gr\u00e2ce \u00e0 l&#8217;emploi de mat\u00e9riaux recyclables.&nbsp;Ce service met \u00e9galement \u00e0 votre disposition ses \u00e9quipes afin d&rsquo;entretenir et de maintenir vos \u00e9quipements en leur \u00e9tat originel.<\/span><\/p>\n                  <\/div>\n                <\/div>\n                <div data-colibri-id=\"138-c14\" class=\"h-icon style-990 style-local-138-c14 position-relative h-element\">\n                  <!----><span class=\"h-svg-icon h-icon__icon style-990-icon style-local-138-c14-icon\"><!--Icon by Font Awesome (https:\/\/fontawesome.com)-->\n    <svg version=\"1.1\" xmlns=\"http:\/\/www.w3.org\/2000\/svg\" xmlns:xlink=\"http:\/\/www.w3.org\/1999\/xlink\" id=\"group\" viewBox=\"0 0 1920 1896.0833\">\n      <path d=\"M593 896q-162 5-265 128H194q-82 0-138-40.5T0 865q0-353 124-353 6 0 43.5 21t97.5 42.5T384 597q67 0 133-23-5 37-5 66 0 139 81 256zm1071 637q0 120-73 189.5t-194 69.5H523q-121 0-194-69.5T256 1533q0-53 3.5-103.5t14-109T300 1212t43-97.5 62-81 85.5-53.5T602 960q10 0 43 21.5t73 48 107 48 135 21.5 135-21.5 107-48 73-48 43-21.5q61 0 111.5 20t85.5 53.5 62 81 43 97.5 26.5 108.5 14 109 3.5 103.5zM640 256q0 106-75 181t-181 75-181-75-75-181 75-181T384 0t181 75 75 181zm704 384q0 159-112.5 271.5T960 1024 688.5 911.5 576 640t112.5-271.5T960 256t271.5 112.5T1344 640zm576 225q0 78-56 118.5t-138 40.5h-134q-103-123-265-128 81-117 81-256 0-29-5-66 66 23 133 23 59 0 119-21.5t97.5-42.5 43.5-21q124 0 124 353zm-128-609q0 106-75 181t-181 75-181-75-75-181 75-181 181-75 181 75 75 181z\"><\/path>\n    <\/svg><\/span><\/div>\n              <\/div>\n            <\/div>\n          <\/div>\n        <\/div>\n      <\/div>\n    <\/div>\n  <\/div>\n  <div data-colibri-component=\"section\" data-colibri-id=\"138-c15\" id=\"about-2\" class=\"h-section h-section-global-spacing d-flex align-items-lg-center align-items-md-center align-items-center style-634 style-local-138-c15 position-relative\">\n    <!---->\n    <!---->\n    <div class=\"h-section-grid-container h-section-boxed-container\">\n      <!---->\n      <div data-colibri-id=\"138-c16\" class=\"h-row-container gutters-row-lg-0 gutters-row-md-0 gutters-row-0 gutters-row-v-lg-0 gutters-row-v-md-0 gutters-row-v-0 style-635 style-local-138-c16 position-relative\">\n        <!---->\n        <div class=\"h-row justify-content-lg-center justify-content-md-center justify-content-center align-items-lg-stretch align-items-md-stretch align-items-stretch gutters-col-lg-0 gutters-col-md-0 gutters-col-0 gutters-col-v-lg-0 gutters-col-v-md-0 gutters-col-v-0\">\n          <!---->\n          <div class=\"h-column h-column-container d-flex h-col-lg-auto h-col-md-auto h-col-auto style-636-outer style-local-138-c17-outer\">\n            <div data-colibri-id=\"138-c17\" class=\"d-flex h-flex-basis h-column__inner h-px-lg-0 h-px-md-0 h-px-0 v-inner-lg-0 v-inner-md-0 v-inner-0 style-636 style-local-138-c17 position-relative\">\n              <!---->\n              <!---->\n              <div class=\"w-100 h-y-container h-column__content h-column__v-align flex-basis-100 align-self-lg-start align-self-md-start align-self-start\">\n                <!---->\n                <div data-colibri-id=\"138-c18\" class=\"h-global-transition-all h-heading style-637 style-local-138-c18 position-relative h-element\">\n                  <!---->\n                  <div class=\"h-heading__outer style-637 style-local-138-c18\">\n                    <!---->\n                    <!---->\n                    <h5 class=\"\">EMBELLIR VOTRE VILLE<\/h5>\n                  <\/div>\n                <\/div>\n                <div data-colibri-id=\"138-c19\" class=\"h-divider style-965 style-local-138-c19 position-relative h-element\">\n                  <!----><span class=\"h-divider__line style-965-line style-local-138-c19-line style-965-line style-local-138-c19-line\"><\/span><\/div>\n                <div data-colibri-id=\"138-c20\" class=\"h-global-transition-all h-heading style-638 style-local-138-c20 position-relative h-element\">\n                  <!---->\n                  <div class=\"h-heading__outer style-638 style-local-138-c20\">\n                    <!---->\n                    <!---->\n                    <h2 class=\"\">En partenariat avec des fabricants r\u00e9gionaux, Attria&nbsp;<em style=\"font-family: &quot;Playfair Display&quot;;\">cr\u00e9e <\/em>des mod\u00e8les<em style=\"font-family: &quot;Playfair Display&quot;;\"><br>exclusifs&nbsp;<\/em>et<em style=\"font-family: &quot;Playfair Display&quot;;\"> personnalisables.<\/em><\/h2>\n                  <\/div>\n                <\/div>\n                <div data-colibri-id=\"138-c21\" class=\"h-text h-text-component style-639 style-local-138-c21 position-relative h-element\">\n                  <!---->\n                  <!---->\n                  <div class=\"\">\n                    <p><span style=\"font-weight: 400; font-size: 16px; font-family: &quot;Open Sans&quot;; color: rgb(153, 153, 153);\">L&rsquo;abris voyageur non publicitaire, le poteau d&rsquo;arr\u00eat de bus, le totem, le journal \u00e9lectronique d&rsquo;information&#8230; vous permettront d&rsquo;informer et d&rsquo;\u00e9quiper votre Cit\u00e9. <\/span><\/p>\n                  <\/div>\n                <\/div>\n              <\/div>\n            <\/div>\n          <\/div>\n          <div class=\"h-column h-column-container d-flex h-col-lg-auto h-col-md-auto h-col-auto style-640-outer style-local-138-c22-outer\">\n            <div data-colibri-id=\"138-c22\" class=\"d-flex h-flex-basis h-column__inner h-ui-empty-state-container h-px-lg-2 h-px-md-2 h-px-2 v-inner-lg-2 v-inner-md-2 v-inner-2 style-640 style-local-138-c22 position-relative\">\n              <!---->\n              <!---->\n              <div class=\"w-100 h-y-container h-column__content h-column__v-align flex-basis-100\">\n                <!---->\n              <\/div>\n            <\/div>\n          <\/div>\n        <\/div>\n      <\/div>\n    <\/div>\n  <\/div>\n  <div data-colibri-component=\"section\" data-colibri-id=\"138-c23\" id=\"custom\" class=\"h-section h-section-global-spacing d-flex align-items-lg-center align-items-md-center align-items-center style-728 style-local-138-c23 position-relative\">\n    <!---->\n    <!---->\n    <div class=\"h-section-grid-container h-section-boxed-container\">\n      <!---->\n      <div data-colibri-id=\"138-c24\" class=\"h-row-container gutters-row-lg-2 gutters-row-md-2 gutters-row-0 gutters-row-v-lg-2 gutters-row-v-md-2 gutters-row-v-2 style-729 style-local-138-c24 position-relative\">\n        <!---->\n        <div class=\"h-row justify-content-lg-center justify-content-md-center justify-content-center align-items-lg-stretch align-items-md-stretch align-items-stretch gutters-col-lg-2 gutters-col-md-2 gutters-col-0 gutters-col-v-lg-2 gutters-col-v-md-2 gutters-col-v-2\">\n          <!---->\n          <div class=\"h-column h-column-container d-flex h-col-lg-auto h-col-md-auto h-col-auto style-730-outer style-local-138-c25-outer\">\n            <div data-colibri-id=\"138-c25\" class=\"d-flex h-flex-basis h-column__inner h-px-lg-2 h-px-md-2 h-px-2 v-inner-lg-2 v-inner-md-2 v-inner-2 style-730 style-local-138-c25 position-relative\">\n              <!---->\n              <!---->\n              <div class=\"w-100 h-y-container h-column__content h-column__v-align flex-basis-100 align-self-lg-start align-self-md-start align-self-start\">\n                <!---->\n                <div data-colibri-id=\"138-c26\" class=\"d-block style-731 style-local-138-c26 position-relative h-element\">\n                  <!---->\n                  <div class=\"h-image__frame-container-outer\">\n                    <div class=\"h-image__frame-container\">\n                      <!---->\n                      <!---->\n                      <img loading=\"lazy\" decoding=\"async\" width=\"2502\" height=\"597\" src=\"https:\/\/attria.fr\/wp-content\/uploads\/2022\/09\/cropped-cropped-cropped-skyline-commerce-scaled-1-1-1.jpg\" class=\"wp-image-752 style-731-image style-local-138-c26-image\" alt=\"\" srcset=\"https:\/\/attria.fr\/wp-content\/uploads\/2022\/09\/cropped-cropped-cropped-skyline-commerce-scaled-1-1-1.jpg 2502w, https:\/\/attria.fr\/wp-content\/uploads\/2022\/09\/cropped-cropped-cropped-skyline-commerce-scaled-1-1-1-300x72.jpg 300w, https:\/\/attria.fr\/wp-content\/uploads\/2022\/09\/cropped-cropped-cropped-skyline-commerce-scaled-1-1-1-1024x244.jpg 1024w, https:\/\/attria.fr\/wp-content\/uploads\/2022\/09\/cropped-cropped-cropped-skyline-commerce-scaled-1-1-1-768x183.jpg 768w, https:\/\/attria.fr\/wp-content\/uploads\/2022\/09\/cropped-cropped-cropped-skyline-commerce-scaled-1-1-1-1536x367.jpg 1536w, https:\/\/attria.fr\/wp-content\/uploads\/2022\/09\/cropped-cropped-cropped-skyline-commerce-scaled-1-1-1-2048x489.jpg 2048w\" sizes=\"(max-width: 2502px) 100vw, 2502px\" \/>\n                      <div class=\"h-image__frame h-hide-lg h-hide-md h-hide-sm style-731-frameImage style-local-138-c26-frameImage\"><\/div>\n                    <\/div>\n                  <\/div>\n                <\/div>\n              <\/div>\n            <\/div>\n          <\/div>\n        <\/div>\n      <\/div>\n      <div data-colibri-id=\"138-c27\" class=\"h-row-container gutters-row-lg-2 gutters-row-md-2 gutters-row-0 gutters-row-v-lg-2 gutters-row-v-md-2 gutters-row-v-2 style-735 style-local-138-c27 position-relative\">\n        <!---->\n        <div class=\"h-row justify-content-lg-center justify-content-md-center justify-content-center align-items-lg-stretch align-items-md-stretch align-items-stretch gutters-col-lg-2 gutters-col-md-2 gutters-col-0 gutters-col-v-lg-2 gutters-col-v-md-2 gutters-col-v-2\">\n          <!---->\n          <div class=\"h-column h-column-container d-flex h-col-lg-auto h-col-md-auto h-col-auto style-736-outer style-local-138-c28-outer\">\n            <div data-colibri-id=\"138-c28\" class=\"d-flex h-flex-basis h-column__inner h-px-lg-2 h-px-md-2 h-px-2 v-inner-lg-2 v-inner-md-2 v-inner-2 style-736 style-local-138-c28 position-relative\">\n              <!---->\n              <!---->\n              <div class=\"w-100 h-y-container h-column__content h-column__v-align flex-basis-100 align-self-lg-start align-self-md-start align-self-start\">\n                <!---->\n                <div data-colibri-id=\"138-c29\" class=\"d-block style-737 style-local-138-c29 position-relative h-element\">\n                  <!---->\n                  <div class=\"h-image__frame-container-outer\">\n                    <div class=\"h-image__frame-container\">\n                      <!---->\n                      <!---->\n                      <img loading=\"lazy\" decoding=\"async\" width=\"827\" height=\"267\" src=\"https:\/\/attria.fr\/wp-content\/uploads\/2022\/09\/redim_logo.jpg\" class=\"wp-image-846 style-737-image style-local-138-c29-image\" alt=\"\" srcset=\"https:\/\/attria.fr\/wp-content\/uploads\/2022\/09\/redim_logo.jpg 827w, https:\/\/attria.fr\/wp-content\/uploads\/2022\/09\/redim_logo-300x97.jpg 300w, https:\/\/attria.fr\/wp-content\/uploads\/2022\/09\/redim_logo-768x248.jpg 768w, https:\/\/attria.fr\/wp-content\/uploads\/2022\/09\/elementor\/thumbs\/redim_logo-pug9gdnepyc43jjqlnqkb7009pprtiznlhwogn5bj0.jpg 170w\" sizes=\"(max-width: 827px) 100vw, 827px\" \/>\n                      <div class=\"h-image__frame h-hide-lg h-hide-md h-hide-sm style-737-frameImage style-local-138-c29-frameImage\"><\/div>\n                    <\/div>\n                  <\/div>\n                <\/div>\n              <\/div>\n            <\/div>\n          <\/div>\n        <\/div>\n      <\/div>\n      <div data-colibri-id=\"138-c30\" class=\"h-row-container gutters-row-lg-2 gutters-row-md-2 gutters-row-0 gutters-row-v-lg-2 gutters-row-v-md-2 gutters-row-v-2 style-732 style-local-138-c30 position-relative\">\n        <!---->\n        <div class=\"h-row justify-content-lg-center justify-content-md-center justify-content-center align-items-lg-stretch align-items-md-stretch align-items-stretch gutters-col-lg-2 gutters-col-md-2 gutters-col-0 gutters-col-v-lg-2 gutters-col-v-md-2 gutters-col-v-2\">\n          <!---->\n          <div class=\"h-column h-column-container d-flex h-col-lg-auto h-col-md-auto h-col-auto style-733-outer style-local-138-c31-outer\">\n            <div data-colibri-id=\"138-c31\" class=\"d-flex h-flex-basis h-column__inner h-px-lg-2 h-px-md-2 h-px-2 v-inner-lg-2 v-inner-md-2 v-inner-2 style-733 style-local-138-c31 position-relative\">\n              <!---->\n              <!---->\n              <div class=\"w-100 h-y-container h-column__content h-column__v-align flex-basis-100 align-self-lg-start align-self-md-start align-self-start\">\n                <!---->\n                <div data-colibri-id=\"138-c32\" class=\"h-text h-text-component style-734 style-local-138-c32 position-relative h-element\">\n                  <!---->\n                  <!---->\n                  <div class=\"\">\n                    <p>D<span style=\"color: rgb(0, 0, 0); font-family: &quot;Open Sans&quot;; font-size: 16px; font-weight: 400;\">irection Administrative, Commerciale et Technique \u2013 13 rue Ernest Mercadier \u2013 Z.I. Nord<\/span><span style=\"font-weight: 400;\"><br><\/span>\n                      <span\n                        style=\"font-weight: 400; color: rgb(0, 0, 0); font-family: &quot;Open Sans&quot;; font-size: 16px;\">82000 MONTAUBAN<\/span>\n                    <\/p>\n                    <p>Si\u00e8ge social \u2013 11 chemin de la Grive\n                      <br>31240 L\u2019UNION<\/p>\n                    <p>05 632 658 29<\/p>\n                    <p>\n                      <br>\n                    <\/p>\n                  <\/div>\n                <\/div>\n              <\/div>\n            <\/div>\n          <\/div>\n        <\/div>\n      <\/div>\n      <div data-colibri-id=\"138-c33\" class=\"h-row-container gutters-row-lg-1 gutters-row-md-1 gutters-row-0 gutters-row-v-lg-1 gutters-row-v-md-1 gutters-row-v-1 style-739 style-local-138-c33 position-relative\">\n        <!---->\n        <div class=\"h-row justify-content-lg-center justify-content-md-center justify-content-center align-items-lg-stretch align-items-md-stretch align-items-stretch gutters-col-lg-1 gutters-col-md-1 gutters-col-0 gutters-col-v-lg-1 gutters-col-v-md-1 gutters-col-v-1\">\n          <!---->\n          <div class=\"h-column h-column-container d-flex h-col-lg-auto h-col-md-auto h-col-auto style-740-outer style-local-138-c34-outer\">\n            <div data-colibri-id=\"138-c34\" class=\"d-flex h-flex-basis h-column__inner h-px-lg-3 h-px-md-3 h-px-3 v-inner-lg-3 v-inner-md-3 v-inner-3 style-740 style-local-138-c34 position-relative\">\n              <!---->\n              <!---->\n              <div class=\"w-100 h-y-container h-column__content h-column__v-align flex-basis-100 align-self-lg-start align-self-md-start align-self-start\">\n                <!---->\n                <div data-colibri-id=\"138-c35\" class=\"h-text h-text-component style-741 style-local-138-c35 position-relative h-element\">\n                  <!---->\n                  <!---->\n                  <div class=\"\">\n                    <p><span style=\"font-weight: 400; font-size: 16px; font-family: &quot;Open Sans&quot;; color: rgb(0, 0, 0);\">copyrights \u00a92022 Attria<\/span><\/p>\n                  <\/div>\n                <\/div>\n              <\/div>\n            <\/div>\n          <\/div>\n        <\/div>\n      <\/div>\n    <\/div>\n  <\/div>\n<\/div>","protected":false},"excerpt":{"rendered":"<p>LOCATION, VENTE DE MOBILIERS URBAINS ET SERVICES D\u00c9DI\u00c9S \u00c0 LA VILLE Un large choix dans&nbsp;la gamme de mobiliers compl\u00e9mentaires aux \u00e9quipements publicitaires. Depuis sa cr\u00e9ation, ATTRIA Mobilier Urbain a d\u00e9velopp\u00e9 une activit\u00e9 compl\u00e9mentaire en cr\u00e9ant son d\u00e9partement Vente Produits &amp; Services d\u00e9di\u00e9s aux Collectivit\u00e9s. Nous respectons l&rsquo;environnement dans la fabrication de nos mobiliers gr\u00e2ce \u00e0 [&hellip;]<\/p>\n","protected":false},"author":1,"featured_media":0,"parent":0,"menu_order":0,"comment_status":"closed","ping_status":"closed","template":"page-templates\/full-width-page.php","meta":{"footnotes":""},"class_list":["post-138","page","type-page","status-publish","hentry"],"_links":{"self":[{"href":"https:\/\/attria.fr\/index.php\/wp-json\/wp\/v2\/pages\/138","targetHints":{"allow":["GET"]}}],"collection":[{"href":"https:\/\/attria.fr\/index.php\/wp-json\/wp\/v2\/pages"}],"about":[{"href":"https:\/\/attria.fr\/index.php\/wp-json\/wp\/v2\/types\/page"}],"author":[{"embeddable":true,"href":"https:\/\/attria.fr\/index.php\/wp-json\/wp\/v2\/users\/1"}],"replies":[{"embeddable":true,"href":"https:\/\/attria.fr\/index.php\/wp-json\/wp\/v2\/comments?post=138"}],"version-history":[{"count":20,"href":"https:\/\/attria.fr\/index.php\/wp-json\/wp\/v2\/pages\/138\/revisions"}],"predecessor-version":[{"id":3611,"href":"https:\/\/attria.fr\/index.php\/wp-json\/wp\/v2\/pages\/138\/revisions\/3611"}],"wp:attachment":[{"href":"https:\/\/attria.fr\/index.php\/wp-json\/wp\/v2\/media?parent=138"}],"curies":[{"name":"wp","href":"https:\/\/api.w.org\/{rel}","templated":true}]}}